{"id":40,"date":"2014-10-27T20:27:08","date_gmt":"2014-10-27T18:27:08","guid":{"rendered":"http:\/\/www.pflegezuschuss.de\/?page_id=40"},"modified":"2024-03-18T11:21:21","modified_gmt":"2024-03-18T09:21:21","slug":"willkommen","status":"publish","type":"page","link":"https:\/\/www.pflegezuschuss.de\/","title":{"rendered":"Willkommen"},"content":{"rendered":"\t\t<div data-elementor-type=\"wp-page\" data-elementor-id=\"40\" class=\"elementor elementor-40\">\n\t\t\t\t\t\t<section class=\"elementor-section elementor-top-section elementor-element elementor-element-80670d6 elementor-section-boxed elementor-section-height-default elementor-section-height-default\" data-id=\"80670d6\" data-element_type=\"section\" data-e-type=\"section\">\n\t\t\t\t\t\t<div class=\"elementor-container elementor-column-gap-default\">\n\t\t\t\t\t<div class=\"elementor-column elementor-col-50 elementor-top-column elementor-element elementor-element-48196c9\" data-id=\"48196c9\" data-element_type=\"column\" data-e-type=\"column\">\n\t\t\t<div class=\"elementor-widget-wrap elementor-element-populated\">\n\t\t\t\t\t\t<div class=\"elementor-element elementor-element-32fb3ef elementor-widget elementor-widget-text-editor\" data-id=\"32fb3ef\" data-element_type=\"widget\" data-e-type=\"widget\" data-widget_type=\"text-editor.default\">\n\t\t\t\t<div class=\"elementor-widget-container\">\n\t\t\t\t\t\t\t\t\t<h1>Herzlich Willkommen<\/h1>\n<p>Wir freuen uns Sie auf unserer Website begr\u00fc\u00dfen zu d\u00fcrfen. Auf den nachfolgenden Seiten m\u00f6chten wir Ihnen den <span style=\"color: #578b1e;\">&#8222;F\u00f6rderverein sozialer Einrichtungen Oestrich-Winkel e.V.&#8220;<\/span> und den <span style=\"color: #ef7c00;\">&#8222;Spendensammelvereins f\u00fcr Soziales und Kultur Oestrich-Winkel e.V.&#8220;<\/span> n\u00e4her vorstellen.<\/p>\n<h4>Miteinander &#8211; F\u00fcreinander; ich bin dabei!<\/h4>\n<p>Sie sind auf der Suche nach einem Zuschuss zur Pflege? Weil das Geld knapp wird oder nicht reicht? Nach der sozialen Pflegeversicherung (Sozialgesetzbuch Elftes Buch XI) haben Sie Anspruch auf Leistungen durch die Pflegekasse, wenn Sie pflegebed\u00fcrftig werden. Doch reichen diese Leistungen?<\/p>\n<p>\u00a0<\/p>\t\t\t\t\t\t\t\t<\/div>\n\t\t\t\t<\/div>\n\t\t\t\t\t<\/div>\n\t\t<\/div>\n\t\t\t\t<div class=\"elementor-column elementor-col-50 elementor-top-column elementor-element elementor-element-75df24d\" data-id=\"75df24d\" data-element_type=\"column\" data-e-type=\"column\">\n\t\t\t<div class=\"elementor-widget-wrap elementor-element-populated\">\n\t\t\t\t\t\t<div class=\"elementor-element elementor-element-414b34b elementor-widget elementor-widget-image\" data-id=\"414b34b\" data-element_type=\"widget\" data-e-type=\"widget\" data-widget_type=\"image.default\">\n\t\t\t\t<div class=\"elementor-widget-container\">\n\t\t\t\t\t\t\t\t\t\t\t\t<figure class=\"wp-caption\">\n\t\t\t\t\t\t\t\t\t\t<img fetchpriority=\"high\" decoding=\"async\" width=\"890\" height=\"1126\" src=\"https:\/\/www.pflegezuschuss.de\/wp-content\/uploads\/2022\/07\/IMG-20220715-WA0016.jpg\" class=\"attachment-full size-full wp-image-1062\" alt=\"\" srcset=\"https:\/\/www.pflegezuschuss.de\/wp-content\/uploads\/2022\/07\/IMG-20220715-WA0016.jpg 890w, https:\/\/www.pflegezuschuss.de\/wp-content\/uploads\/2022\/07\/IMG-20220715-WA0016-237x300.jpg 237w, https:\/\/www.pflegezuschuss.de\/wp-content\/uploads\/2022\/07\/IMG-20220715-WA0016-809x1024.jpg 809w, https:\/\/www.pflegezuschuss.de\/wp-content\/uploads\/2022\/07\/IMG-20220715-WA0016-768x972.jpg 768w\" sizes=\"(max-width: 890px) 100vw, 890px\" \/>\t\t\t\t\t\t\t\t\t\t\t<figcaption class=\"widget-image-caption wp-caption-text\">Astrid Gl\u00fcsenkamp - 1. Vorsitzende F\u00f6rderverein sozialer Einrichtungen Oestrich-Winkel e.V.<\/figcaption>\n\t\t\t\t\t\t\t\t\t\t<\/figure>\n\t\t\t\t\t\t\t\t\t<\/div>\n\t\t\t\t<\/div>\n\t\t\t\t\t<\/div>\n\t\t<\/div>\n\t\t\t\t\t<\/div>\n\t\t<\/section>\n\t\t\t\t<section class=\"elementor-section elementor-top-section elementor-element elementor-element-11259a6 elementor-section-boxed elementor-section-height-default elementor-section-height-default\" data-id=\"11259a6\" data-element_type=\"section\" data-e-type=\"section\">\n\t\t\t\t\t\t<div class=\"elementor-container elementor-column-gap-default\">\n\t\t\t\t\t<div class=\"elementor-column elementor-col-50 elementor-top-column elementor-element elementor-element-fb05540\" data-id=\"fb05540\" data-element_type=\"column\" data-e-type=\"column\">\n\t\t\t<div class=\"elementor-widget-wrap elementor-element-populated\">\n\t\t\t\t\t\t<div class=\"elementor-element elementor-element-8ba7d0e elementor-widget elementor-widget-image\" data-id=\"8ba7d0e\" data-element_type=\"widget\" data-e-type=\"widget\" data-widget_type=\"image.default\">\n\t\t\t\t<div class=\"elementor-widget-container\">\n\t\t\t\t\t\t\t\t\t\t\t\t<figure class=\"wp-caption\">\n\t\t\t\t\t\t\t\t\t\t<img decoding=\"async\" width=\"729\" height=\"726\" src=\"https:\/\/www.pflegezuschuss.de\/wp-content\/uploads\/2022\/07\/portrait_Gerda_Mueller.jpg\" class=\"attachment-full size-full wp-image-1071\" alt=\"\" srcset=\"https:\/\/www.pflegezuschuss.de\/wp-content\/uploads\/2022\/07\/portrait_Gerda_Mueller.jpg 729w, https:\/\/www.pflegezuschuss.de\/wp-content\/uploads\/2022\/07\/portrait_Gerda_Mueller-300x300.jpg 300w, https:\/\/www.pflegezuschuss.de\/wp-content\/uploads\/2022\/07\/portrait_Gerda_Mueller-150x150.jpg 150w\" sizes=\"(max-width: 729px) 100vw, 729px\" \/>\t\t\t\t\t\t\t\t\t\t\t<figcaption class=\"widget-image-caption wp-caption-text\">Gerda M\u00fcller - 1. Vorsitzende Spendensammelvereins f\u00fcr Soziales und Kultur Oestrich-Winkel e.V.<\/figcaption>\n\t\t\t\t\t\t\t\t\t\t<\/figure>\n\t\t\t\t\t\t\t\t\t<\/div>\n\t\t\t\t<\/div>\n\t\t\t\t\t<\/div>\n\t\t<\/div>\n\t\t\t\t<div class=\"elementor-column elementor-col-50 elementor-top-column elementor-element elementor-element-014a8e7\" data-id=\"014a8e7\" data-element_type=\"column\" data-e-type=\"column\">\n\t\t\t<div class=\"elementor-widget-wrap elementor-element-populated\">\n\t\t\t\t\t\t<div class=\"elementor-element elementor-element-b92bc58 elementor-widget elementor-widget-text-editor\" data-id=\"b92bc58\" data-element_type=\"widget\" data-e-type=\"widget\" data-widget_type=\"text-editor.default\">\n\t\t\t\t<div class=\"elementor-widget-container\">\n\t\t\t\t\t\t\t\t\t<h4>Unsere Idee &#8211; Ihr sozialer Gewinn!<\/h4>\n<p>Ziehen Sie die Maschen des Pflegeversicherungsnetzes enger zusammen, minimieren Sie die vorhandenen L\u00fccken. Unser Pflegekostenzuschuss &#8211; eine klare Angelegenheit, auf die Sie sich verlassen k\u00f6nnen! Schaffen Sie sich durch eine Mitgliedschaft in unserem Verein eine individuelle Entlastung f\u00fcr die nicht gedeckten Kosten, falls der Pflegefall eintreten sollte.<\/p>\n<p>Ziel einer Mitgliedschaft ist es u.a., mit ihrem j\u00e4hrlichen Mitgliedsbeitrag eine stetig wachsende Anwartschaft auf einen Pflegekostenzuschuss im Rahmen der Selbstkostenbeteiligung vorzusorgen.<\/p>\n<p>Betrachten Sie Ihren Beitrag nicht als Verlust, sondern als Ihren pers\u00f6nlichen und individuellen Vorsorge-Beitrag.<\/p>\n<p>Ob ambulant oder station\u00e4r &#8211; der Pflegekostenzuschuss wird Ihnen gew\u00e4hrt! Unser Konzept ist \u00fcberzeugend und regional einzigartig!<\/p>\t\t\t\t\t\t\t\t<\/div>\n\t\t\t\t<\/div>\n\t\t\t\t\t<\/div>\n\t\t<\/div>\n\t\t\t\t\t<\/div>\n\t\t<\/section>\n\t\t\t\t<section class=\"elementor-section elementor-top-section elementor-element elementor-element-42978dd elementor-section-boxed elementor-section-height-default elementor-section-height-default\" data-id=\"42978dd\" data-element_type=\"section\" data-e-type=\"section\">\n\t\t\t\t\t\t<div class=\"elementor-container elementor-column-gap-default\">\n\t\t\t\t\t<div class=\"elementor-column elementor-col-100 elementor-top-column elementor-element elementor-element-491165c\" data-id=\"491165c\" data-element_type=\"column\" data-e-type=\"column\">\n\t\t\t<div class=\"elementor-widget-wrap elementor-element-populated\">\n\t\t\t\t\t\t<div class=\"elementor-element elementor-element-23baf03 elementor-widget elementor-widget-eael-content-ticker\" data-id=\"23baf03\" data-element_type=\"widget\" data-e-type=\"widget\" data-widget_type=\"eael-content-ticker.default\">\n\t\t\t\t<div class=\"elementor-widget-container\">\n\t\t\t\t\t<div class=\"eael-ticker-wrap\" id=\"eael-ticker-wrap-23baf03\"><div class=\"ticker-badge\">\n                    <span>Aktuelle Beitr\u00e4ge<\/span>\n                <\/div><div class=\"eael-ticker\">\n                <div class=\"swiper swiper-8 eael-content-ticker swiper-container-23baf03\" data-pagination=\".swiper-pagination-23baf03\" data-arrow-next=\".swiper-button-next-23baf03\" data-arrow-prev=\".swiper-button-prev-23baf03\" data-effect=\"slide\" data-speed=\"1060\" data-autoplay=\"3500\" data-pause-on-hover=\"true\" data-loop=\"1\" data-arrows=\"1\">\n                    <div class=\"swiper-wrapper\"><div class=\"swiper-slide\">\n        <div class=\"ticker-content\">\n            <a href=\"https:\/\/www.pflegezuschuss.de\/?p=1776\" class=\"ticker-content-link\">Vorstandssitzung des FVSE und SSV am 27. M\u00e4rz 2025<\/a>\n        <\/div>\n    <\/div><div class=\"swiper-slide\">\n        <div class=\"ticker-content\">\n            <a href=\"https:\/\/www.pflegezuschuss.de\/?p=1756\" class=\"ticker-content-link\">Vereins-und Kulturfahrt am 16.10.2024 auf den Spuren j\u00fcd. Lebens in Frankfurt\/Main<\/a>\n        <\/div>\n    <\/div><div class=\"swiper-slide\">\n        <div class=\"ticker-content\">\n            <a href=\"https:\/\/www.pflegezuschuss.de\/?p=1758\" class=\"ticker-content-link\">Jahreshauptversammlung des FVSE und SSV am 8. Mai 2024<\/a>\n        <\/div>\n    <\/div><div class=\"swiper-slide\">\n        <div class=\"ticker-content\">\n            <a href=\"https:\/\/www.pflegezuschuss.de\/?p=1662\" class=\"ticker-content-link\">Spende an die Kinder- und Jugendfarm Oestrich-Winkel<\/a>\n        <\/div>\n    <\/div><\/div>\n\t\t\t\t<\/div> <div class=\"content-ticker-pagination\"><div class=\"swiper-button-next swiper-button-next-23baf03\"><i class=\"fas fa-angle-right\"><\/i><\/div><div class=\"swiper-button-prev swiper-button-prev-23baf03\"><i class=\"fas fa-angle-left\"><\/i><\/div><\/div><\/div>\n\t\t<\/div>\t\t\t\t<\/div>\n\t\t\t\t<\/div>\n\t\t\t\t\t<\/div>\n\t\t<\/div>\n\t\t\t\t\t<\/div>\n\t\t<\/section>\n\t\t\t\t<section class=\"elementor-section elementor-top-section elementor-element elementor-element-4867393 elementor-section-boxed elementor-section-height-default elementor-section-height-default elementor-invisible\" data-id=\"4867393\" data-element_type=\"section\" data-e-type=\"section\" data-settings=\"{&quot;animation&quot;:&quot;slideInUp&quot;}\">\n\t\t\t\t\t\t<div class=\"elementor-container elementor-column-gap-default\">\n\t\t\t\t\t<div class=\"elementor-column elementor-col-100 elementor-top-column elementor-element elementor-element-9b248a5\" data-id=\"9b248a5\" data-element_type=\"column\" data-e-type=\"column\">\n\t\t\t<div class=\"elementor-widget-wrap elementor-element-populated\">\n\t\t\t\t\t\t<div class=\"elementor-element elementor-element-e45ece3 elementor-widget elementor-widget-text-editor\" data-id=\"e45ece3\" data-element_type=\"widget\" data-e-type=\"widget\" data-widget_type=\"text-editor.default\">\n\t\t\t\t<div class=\"elementor-widget-container\">\n\t\t\t\t\t\t\t\t\t<h4>Die Kraft der Menschlichkeit<\/h4>\n<p>In unserem Verein steht das WIR an erster Stelle und es ist uns besonders wichtig, aufeinander zuzugehen und f\u00fcr die Menschen da zu sein, konkret Hilfe zu leisten, wenn das Geld knapp wird oder nicht reicht.<\/p>\n<p>Wir reichen Ihnen die helfende Hand, wir beraten, vermitteln im Rahmen unserer Richtlinien und Satzung. Greifen Sie zu, informieren Sie sich!<\/p>\t\t\t\t\t\t\t\t<\/div>\n\t\t\t\t<\/div>\n\t\t\t\t\t<\/div>\n\t\t<\/div>\n\t\t\t\t\t<\/div>\n\t\t<\/section>\n\t\t\t\t<section class=\"elementor-section elementor-top-section elementor-element elementor-element-4ba87ba elementor-section-boxed elementor-section-height-default elementor-section-height-default\" data-id=\"4ba87ba\" data-element_type=\"section\" data-e-type=\"section\">\n\t\t\t\t\t\t<div class=\"elementor-container elementor-column-gap-default\">\n\t\t\t\t\t<div class=\"elementor-column elementor-col-50 elementor-top-column elementor-element elementor-element-7f6e406\" data-id=\"7f6e406\" data-element_type=\"column\" data-e-type=\"column\">\n\t\t\t<div class=\"elementor-widget-wrap elementor-element-populated\">\n\t\t\t\t\t\t<div class=\"elementor-element elementor-element-355f632 elementor-widget elementor-widget-text-editor\" data-id=\"355f632\" data-element_type=\"widget\" data-e-type=\"widget\" data-widget_type=\"text-editor.default\">\n\t\t\t\t<div class=\"elementor-widget-container\">\n\t\t\t\t\t\t\t\t\t<p><strong>Astrid Gl\u00fcsenkamp<br \/><\/strong><\/p>\n<p>1. Vorsitzende F\u00f6rdervereins sozialer Einrichtungen Oestrich-Winkel e.V.<strong> <br \/><\/strong><\/p>\t\t\t\t\t\t\t\t<\/div>\n\t\t\t\t<\/div>\n\t\t\t\t\t<\/div>\n\t\t<\/div>\n\t\t\t\t<div class=\"elementor-column elementor-col-50 elementor-top-column elementor-element elementor-element-60a6bcd\" data-id=\"60a6bcd\" data-element_type=\"column\" data-e-type=\"column\">\n\t\t\t<div class=\"elementor-widget-wrap elementor-element-populated\">\n\t\t\t\t\t\t<div class=\"elementor-element elementor-element-834955a elementor-widget elementor-widget-text-editor\" data-id=\"834955a\" data-element_type=\"widget\" data-e-type=\"widget\" data-widget_type=\"text-editor.default\">\n\t\t\t\t<div class=\"elementor-widget-container\">\n\t\t\t\t\t\t\t\t\t<p><b>Gerda M\u00fcller<br \/><\/b><\/p>\n<p>1. Vorsitzende Spendensammelvereins f\u00fcr Soziales und Kultur Oestrich-Winkel e.V.<\/p>\t\t\t\t\t\t\t\t<\/div>\n\t\t\t\t<\/div>\n\t\t\t\t\t<\/div>\n\t\t<\/div>\n\t\t\t\t\t<\/div>\n\t\t<\/section>\n\t\t\t\t<section class=\"elementor-section elementor-top-section elementor-element elementor-element-846364e elementor-section-boxed elementor-section-height-default elementor-section-height-default\" data-id=\"846364e\" data-element_type=\"section\" data-e-type=\"section\">\n\t\t\t\t\t\t<div class=\"elementor-container elementor-column-gap-default\">\n\t\t\t\t\t<div class=\"elementor-column elementor-col-100 elementor-top-column elementor-element elementor-element-edb90b9\" data-id=\"edb90b9\" data-element_type=\"column\" data-e-type=\"column\">\n\t\t\t<div class=\"elementor-widget-wrap elementor-element-populated\">\n\t\t\t\t\t\t<div class=\"elementor-element elementor-element-e0d9578 elementor-widget elementor-widget-text-editor\" data-id=\"e0d9578\" data-element_type=\"widget\" data-e-type=\"widget\" data-widget_type=\"text-editor.default\">\n\t\t\t\t<div class=\"elementor-widget-container\">\n\t\t\t\t\t\t\t\t\t<p style=\"text-align: center;\"><a href=\"https:\/\/www.pflegezuschuss.de\/?page_id=1274\">Werden auch Sie Mitglied!<\/a><\/p>\t\t\t\t\t\t\t\t<\/div>\n\t\t\t\t<\/div>\n\t\t\t\t\t<\/div>\n\t\t<\/div>\n\t\t\t\t\t<\/div>\n\t\t<\/section>\n\t\t\t\t<\/div>\n\t\t","protected":false},"excerpt":{"rendered":"<p>Herzlich Willkommen Wir freuen uns Sie auf unserer Website begr\u00fc\u00dfen zu d\u00fcrfen. Auf den nachfolgenden Seiten m\u00f6chten wir Ihnen den &#8222;F\u00f6rderverein sozialer Einrichtungen Oestrich-Winkel e.V.&#8220; und den &#8222;Spendensammelvereins f\u00fcr Soziales und Kultur Oestrich-Winkel e.V.&#8220; n\u00e4her vorstellen. Miteinander &#8211; F\u00fcreinander; ich bin dabei! Sie sind auf der Suche nach einem Zuschuss zur Pflege? Weil das Geld [&hellip;]<\/p>\n","protected":false},"author":1,"featured_media":0,"parent":0,"menu_order":0,"comment_status":"closed","ping_status":"closed","template":"","meta":{"footnotes":""},"class_list":["post-40","page","type-page","status-publish","hentry","post"],"_links":{"self":[{"href":"https:\/\/www.pflegezuschuss.de\/index.php?rest_route=\/wp\/v2\/pages\/40","targetHints":{"allow":["GET"]}}],"collection":[{"href":"https:\/\/www.pflegezuschuss.de\/index.php?rest_route=\/wp\/v2\/pages"}],"about":[{"href":"https:\/\/www.pflegezuschuss.de\/index.php?rest_route=\/wp\/v2\/types\/page"}],"author":[{"embeddable":true,"href":"https:\/\/www.pflegezuschuss.de\/index.php?rest_route=\/wp\/v2\/users\/1"}],"replies":[{"embeddable":true,"href":"https:\/\/www.pflegezuschuss.de\/index.php?rest_route=%2Fwp%2Fv2%2Fcomments&post=40"}],"version-history":[{"count":0,"href":"https:\/\/www.pflegezuschuss.de\/index.php?rest_route=\/wp\/v2\/pages\/40\/revisions"}],"wp:attachment":[{"href":"https:\/\/www.pflegezuschuss.de\/index.php?rest_route=%2Fwp%2Fv2%2Fmedia&parent=40"}],"curies":[{"name":"wp","href":"https:\/\/api.w.org\/{rel}","templated":true}]}}